{"id":200,"date":"2011-09-04T21:28:32","date_gmt":"2011-09-04T21:28:32","guid":{"rendered":"http:\/\/mensch-und-tier.gruene-nrw-lag.de\/?page_id=200"},"modified":"2025-07-26T23:40:20","modified_gmt":"2025-07-26T23:40:20","slug":"start","status":"publish","type":"page","link":"https:\/\/mensch-und-tier.gruene-nrw-lag.de\/","title":{"rendered":"Willkommen auf der Homepage der Landesarbeitsgemeinschaft Tierschutzpolitik!"},"content":{"rendered":"<h2>\u00a0<\/h2>\n<h2>Willkommen auf der Homepage der Landesarbeitsgemeinschaft Tierschutzpolitik!<\/h2>\n<p>Wir freuen uns, dass du dich f\u00fcr den Tierschutz in Nordrhein-Westfalen interessierst. Hier erf\u00e4hrst du alles, was die tierschutzpolitische Landesarbeitsgemeinschaft der GR\u00dcNEN in NRW aktuell so macht. F\u00fcr weitergehende Informationen und R\u00fcckmeldungen, wende Dich gerne \u00fcber die sozialen Medien oder <a href=\"https:\/\/gruene-nrw.de\/gliederung\/lag-mensch-und-tier\/\" data-wplink-edit=\"true\">per Mail<\/a> an unser Sprecher*innen-Team.<\/p>\n<p>Nach unserem LAG-Statut definiert sich unser Aufgabenfeld folgenderma\u00dfen: <em>&#8222;Landesarbeitsgemeinschaften bei B\u00dcNDNIS 90\/DIE GR\u00dcNEN haben das Ziel, die inhaltliche und politische Arbeit in der Partei und ihren verschiedenen Gremien zu entwickeln, zu vernetzen sowie die Zusammenarbeit mit au\u00dferparteilichen (Fach-)Verb\u00e4nden, Initiativen und wissenschaftlichen Institutionen zu koordinieren.&#8220;<br \/><\/em><\/p>\n<p>Die LAG Tierschutzpolitik NRW setzt sich schwerpunktm\u00e4\u00dfig f\u00fcr den Tier- und Artenschutz in NRW und Deutschland ein.<\/p>\n<p>Wir freuen uns immer \u00fcber neue Aktive. Wenn ihr die Zugangsdaten f\u00fcr unsere <a href=\"https:\/\/mensch-und-tier.gruene-nrw-lag.de\/?cat=10\">n\u00e4chsten digitalen Sitzungen<\/a> haben oder auf unserem LAG-Verteiler eingetragen werden m\u00f6chtet, k\u00f6nnt ihr Euch jederzeit gerne bei uns melden.<\/p>\n<p>Euer Sprecher*innen-Team<\/p>\n<p>Niklas Graf, Marion L\u00fcnz, Britta Hollinderb\u00e4umer, Manuel Carrasco Molina<\/p>\n<p>\u00a0<\/p>\n<h2>Kontakt:<\/h2>\n<p>E-Mail:<a href=\"#\" data-unscramble=\"ed.wrn-eneurg@ztuhcsreit-gal\"> lag-tierschutz@gruene-nrw.de<\/a><\/p>\n<p>\u00a0<\/p>\n\n\n<figure class=\"wp-block-image aligncenter size-large is-resized\"><a href=\"https:\/\/mensch-und-tier.gruene-nrw-lag.de\/files\/2025\/07\/LAG_TSP_NRW_Sitzung-LGS_Sprechteam-1.jpg\"><img loading=\"lazy\" decoding=\"async\" width=\"800\" height=\"800\" src=\"https:\/\/mensch-und-tier.gruene-nrw-lag.de\/files\/2025\/07\/LAG_TSP_NRW_Sitzung-LGS_Sprechteam-1-800x800.jpg\" alt=\"\" class=\"wp-image-1065\" style=\"width:507px;height:auto\" srcset=\"https:\/\/mensch-und-tier.gruene-nrw-lag.de\/files\/2025\/07\/LAG_TSP_NRW_Sitzung-LGS_Sprechteam-1-800x800.jpg 800w, https:\/\/mensch-und-tier.gruene-nrw-lag.de\/files\/2025\/07\/LAG_TSP_NRW_Sitzung-LGS_Sprechteam-1-400x400.jpg 400w, https:\/\/mensch-und-tier.gruene-nrw-lag.de\/files\/2025\/07\/LAG_TSP_NRW_Sitzung-LGS_Sprechteam-1-150x150.jpg 150w, https:\/\/mensch-und-tier.gruene-nrw-lag.de\/files\/2025\/07\/LAG_TSP_NRW_Sitzung-LGS_Sprechteam-1-768x768.jpg 768w, https:\/\/mensch-und-tier.gruene-nrw-lag.de\/files\/2025\/07\/LAG_TSP_NRW_Sitzung-LGS_Sprechteam-1.jpg 1150w\" sizes=\"auto, (max-width: 800px) 100vw, 800px\" \/><\/a><\/figure>\n\n\n\n<p><\/p>\n\n\n\n<p>Als Landesarbeitsgemeinschaft verstehen wir uns als Think Tank und veranstalten regelm\u00e4\u00dfig Vortragsreihen, um den Input in unsere ehrenamtliche Arbeit auf Landesebene einflie\u00dfen zu lassen. Alle Interessierten k\u00f6nnen sich die Vortr\u00e4ge der unabh\u00e4ngigen Expert*innen in der Folge auf YouTube ansehen und nachnutzen, damit wir gemeinsam mehr Tierschutz erreichen k\u00f6nnen.<\/p>\n\n\n\n<figure class=\"wp-block-embed alignfull is-type-video is-provider-youtube wp-block-embed-youtube wp-embed-aspect-16-9 wp-has-aspect-ratio\"><div class=\"wp-block-embed__wrapper\">\n<iframe loading=\"lazy\" title=\"Herzlich Willkommen bei der LAG Tierschutzpolitik der GR\u00dcNEN NRW\" width=\"876\" height=\"493\" src=\"https:\/\/www.youtube.com\/embed\/oAR97O0NYvg?list=UULF4chWoM4X5ibgmsZgihlFUg\" frameborder=\"0\" allow=\"accelerometer; autoplay; clipboard-write; encrypted-media; gyroscope; picture-in-picture; web-share\" referrerpolicy=\"strict-origin-when-cross-origin\" allowfullscreen><\/iframe>\n<\/div><\/figure>\n","protected":false},"excerpt":{"rendered":"<p>\u00a0 Willkommen auf der Homepage der Landesarbeitsgemeinschaft Tierschutzpolitik! Wir freuen uns, dass du dich f\u00fcr den Tierschutz in Nordrhein-Westfalen interessierst. Hier erf\u00e4hrst du alles, was die tierschutzpolitische Landesarbeitsgemeinschaft der GR\u00dcNEN [&hellip;]<\/p>\n","protected":false},"author":7,"featured_media":857,"parent":0,"menu_order":0,"comment_status":"closed","ping_status":"closed","template":"","meta":{"footnotes":""},"class_list":["post-200","page","type-page","status-publish","has-post-thumbnail","hentry"],"_links":{"self":[{"href":"https:\/\/mensch-und-tier.gruene-nrw-lag.de\/index.php?rest_route=\/wp\/v2\/pages\/200","targetHints":{"allow":["GET"]}}],"collection":[{"href":"https:\/\/mensch-und-tier.gruene-nrw-lag.de\/index.php?rest_route=\/wp\/v2\/pages"}],"about":[{"href":"https:\/\/mensch-und-tier.gruene-nrw-lag.de\/index.php?rest_route=\/wp\/v2\/types\/page"}],"author":[{"embeddable":true,"href":"https:\/\/mensch-und-tier.gruene-nrw-lag.de\/index.php?rest_route=\/wp\/v2\/users\/7"}],"replies":[{"embeddable":true,"href":"https:\/\/mensch-und-tier.gruene-nrw-lag.de\/index.php?rest_route=%2Fwp%2Fv2%2Fcomments&post=200"}],"version-history":[{"count":45,"href":"https:\/\/mensch-und-tier.gruene-nrw-lag.de\/index.php?rest_route=\/wp\/v2\/pages\/200\/revisions"}],"predecessor-version":[{"id":1070,"href":"https:\/\/mensch-und-tier.gruene-nrw-lag.de\/index.php?rest_route=\/wp\/v2\/pages\/200\/revisions\/1070"}],"wp:featuredmedia":[{"embeddable":true,"href":"https:\/\/mensch-und-tier.gruene-nrw-lag.de\/index.php?rest_route=\/wp\/v2\/media\/857"}],"wp:attachment":[{"href":"https:\/\/mensch-und-tier.gruene-nrw-lag.de\/index.php?rest_route=%2Fwp%2Fv2%2Fmedia&parent=200"}],"curies":[{"name":"wp","href":"https:\/\/api.w.org\/{rel}","templated":true}]}}